{"id":12208,"date":"2021-12-01T10:37:36","date_gmt":"2021-12-01T09:37:36","guid":{"rendered":"https:\/\/dev.martontoth.net\/inokim\/the-inokim-brand-2\/"},"modified":"2021-12-01T10:37:40","modified_gmt":"2021-12-01T09:37:40","slug":"the-inokim-brand-2","status":"publish","type":"page","link":"https:\/\/inokim.hu\/en\/the-inokim-brand-2\/","title":{"rendered":"The INOKIM Brand"},"content":{"rendered":"\t\t<div data-elementor-type=\"wp-page\" data-elementor-id=\"12208\" class=\"elementor elementor-12208 elementor-1003\" data-elementor-post-type=\"page\">\n\t\t\t\t\t\t<section class=\"elementor-section elementor-top-section elementor-element elementor-element-8105cc1 elementor-section-boxed elementor-section-height-default elementor-section-height-default\" data-id=\"8105cc1\" data-element_type=\"section\" data-e-type=\"section\">\n\t\t\t\t\t\t<div class=\"elementor-container elementor-column-gap-default\">\n\t\t\t\t\t<div class=\"elementor-column elementor-col-100 elementor-top-column elementor-element elementor-element-1ab504d\" data-id=\"1ab504d\" data-element_type=\"column\" data-e-type=\"column\">\n\t\t\t<div class=\"elementor-widget-wrap elementor-element-populated\">\n\t\t\t\t\t\t<div class=\"elementor-element elementor-element-15dce8f elementor-widget elementor-widget-spacer\" data-id=\"15dce8f\" data-element_type=\"widget\" data-e-type=\"widget\" data-widget_type=\"spacer.default\">\n\t\t\t\t<div class=\"elementor-widget-container\">\n\t\t\t\t\t\t\t<div class=\"elementor-spacer\">\n\t\t\t<div class=\"elementor-spacer-inner\"><\/div>\n\t\t<\/div>\n\t\t\t\t\t\t<\/div>\n\t\t\t\t<\/div>\n\t\t\t\t<div class=\"elementor-element elementor-element-f5763e5 elementor-widget elementor-widget-heading\" data-id=\"f5763e5\" data-element_type=\"widget\" data-e-type=\"widget\" data-widget_type=\"heading.default\">\n\t\t\t\t<div class=\"elementor-widget-container\">\n\t\t\t\t\t<h3 class=\"elementor-heading-title elementor-size-default\">3 REASONS why to choose INOKIM<\/h3>\t\t\t\t<\/div>\n\t\t\t\t<\/div>\n\t\t\t\t<div class=\"elementor-element elementor-element-463507b elementor-widget elementor-widget-text-editor\" data-id=\"463507b\" data-element_type=\"widget\" data-e-type=\"widget\" data-widget_type=\"text-editor.default\">\n\t\t\t\t<div class=\"elementor-widget-container\">\n\t\t\t\t\t\t\t\t\t<p>INOKIM is a premium eScooter brand with award winning designs and it values safety and uses high quality parts to ensure a safe and consistent experience when taking your scooter on the road. We provide the leading edge of Light and Foldable Electric Scooters, with a range that caters for our riders different needs: power &amp; distance versus light weight &amp; compactness.<\/p>\n\t\t\t\t\t\t\t\t<\/div>\n\t\t\t\t<\/div>\n\t\t\t\t\t<\/div>\n\t\t<\/div>\n\t\t\t\t\t<\/div>\n\t\t<\/section>\n\t\t\t\t<section class=\"elementor-section elementor-top-section elementor-element elementor-element-13a7fe4 elementor-section-content-middle elementor-section-boxed elementor-section-height-default elementor-section-height-default\" data-id=\"13a7fe4\" data-element_type=\"section\" data-e-type=\"section\" data-settings=\"{&quot;background_background&quot;:&quot;classic&quot;}\">\n\t\t\t\t\t\t<div class=\"elementor-container elementor-column-gap-default\">\n\t\t\t\t\t<div class=\"elementor-column elementor-col-33 elementor-top-column elementor-element elementor-element-09bbbc0\" data-id=\"09bbbc0\" data-element_type=\"column\" data-e-type=\"column\">\n\t\t\t<div class=\"elementor-widget-wrap elementor-element-populated\">\n\t\t\t\t\t\t<div class=\"elementor-element elementor-element-c051c9b elementor-widget elementor-widget-heading\" data-id=\"c051c9b\" data-element_type=\"widget\" data-e-type=\"widget\" data-widget_type=\"heading.default\">\n\t\t\t\t<div class=\"elementor-widget-container\">\n\t\t\t\t\t<h3 class=\"elementor-heading-title elementor-size-default\">Quality<\/h3>\t\t\t\t<\/div>\n\t\t\t\t<\/div>\n\t\t\t\t<div class=\"elementor-element elementor-element-f7afe24 elementor-widget elementor-widget-text-editor\" data-id=\"f7afe24\" data-element_type=\"widget\" data-e-type=\"widget\" data-widget_type=\"text-editor.default\">\n\t\t\t\t<div class=\"elementor-widget-container\">\n\t\t\t\t\t\t\t\t\t<p>We aim to give you the best riding experience through high quality materials &amp; production.<\/p>\n<p>Ezek teszik biztons\u00e1goss\u00e1 \u00e9s strapab\u00edr\u00f3v\u00e1 az INOKIM elektromos rollereket.<\/p>\n\t\t\t\t\t\t\t\t<\/div>\n\t\t\t\t<\/div>\n\t\t\t\t\t<\/div>\n\t\t<\/div>\n\t\t\t\t<div class=\"elementor-column elementor-col-66 elementor-top-column elementor-element elementor-element-10d9381\" data-id=\"10d9381\" data-element_type=\"column\" data-e-type=\"column\">\n\t\t\t<div class=\"elementor-widget-wrap elementor-element-populated\">\n\t\t\t\t\t\t<div class=\"elementor-element elementor-element-933af94 elementor-widget elementor-widget-image\" data-id=\"933af94\" data-element_type=\"widget\" data-e-type=\"widget\" data-widget_type=\"image.default\">\n\t\t\t\t<div class=\"elementor-widget-container\">\n\t\t\t\t\t\t\t\t\t\t\t\t\t\t\t<img fetchpriority=\"high\" decoding=\"async\" width=\"800\" height=\"437\" src=\"https:\/\/inokim.hu\/wp-content\/uploads\/2021\/11\/INOKIM_2_180-1-1024x559.jpg\" class=\"attachment-large size-large wp-image-1013\" alt=\"\" srcset=\"https:\/\/inokim.hu\/wp-content\/uploads\/2021\/11\/INOKIM_2_180-1-1024x559.jpg 1024w, https:\/\/inokim.hu\/wp-content\/uploads\/2021\/11\/INOKIM_2_180-1-300x164.jpg 300w, https:\/\/inokim.hu\/wp-content\/uploads\/2021\/11\/INOKIM_2_180-1-768x419.jpg 768w, https:\/\/inokim.hu\/wp-content\/uploads\/2021\/11\/INOKIM_2_180-1-1536x838.jpg 1536w, https:\/\/inokim.hu\/wp-content\/uploads\/2021\/11\/INOKIM_2_180-1-2048x1118.jpg 2048w, https:\/\/inokim.hu\/wp-content\/uploads\/2021\/11\/INOKIM_2_180-1-600x328.jpg 600w\" sizes=\"(max-width: 800px) 100vw, 800px\" \/>\t\t\t\t\t\t\t\t\t\t\t\t\t\t\t<\/div>\n\t\t\t\t<\/div>\n\t\t\t\t\t<\/div>\n\t\t<\/div>\n\t\t\t\t\t<\/div>\n\t\t<\/section>\n\t\t\t\t<section class=\"elementor-section elementor-top-section elementor-element elementor-element-140d189 elementor-section-content-middle elementor-section-boxed elementor-section-height-default elementor-section-height-default\" data-id=\"140d189\" data-element_type=\"section\" data-e-type=\"section\" data-settings=\"{&quot;background_background&quot;:&quot;classic&quot;}\">\n\t\t\t\t\t\t<div class=\"elementor-container elementor-column-gap-default\">\n\t\t\t\t\t<div class=\"elementor-column elementor-col-66 elementor-top-column elementor-element elementor-element-6cfb741\" data-id=\"6cfb741\" data-element_type=\"column\" data-e-type=\"column\">\n\t\t\t<div class=\"elementor-widget-wrap elementor-element-populated\">\n\t\t\t\t\t\t<div class=\"elementor-element elementor-element-eebcc69 elementor-widget elementor-widget-image\" data-id=\"eebcc69\" data-element_type=\"widget\" data-e-type=\"widget\" data-widget_type=\"image.default\">\n\t\t\t\t<div class=\"elementor-widget-container\">\n\t\t\t\t\t\t\t\t\t\t\t\t\t\t\t<img decoding=\"async\" width=\"800\" height=\"449\" src=\"https:\/\/inokim.hu\/wp-content\/uploads\/2021\/11\/Inokim-Light-Electric-Scooter-Portable-Foldable-Mini-Electric-Bike-Myway-7.8AH-Battery-Multiple-Colors-1-1-1024x575.jpg\" class=\"attachment-large size-large wp-image-1015\" alt=\"\" srcset=\"https:\/\/inokim.hu\/wp-content\/uploads\/2021\/11\/Inokim-Light-Electric-Scooter-Portable-Foldable-Mini-Electric-Bike-Myway-7.8AH-Battery-Multiple-Colors-1-1-1024x575.jpg 1024w, https:\/\/inokim.hu\/wp-content\/uploads\/2021\/11\/Inokim-Light-Electric-Scooter-Portable-Foldable-Mini-Electric-Bike-Myway-7.8AH-Battery-Multiple-Colors-1-1-300x168.jpg 300w, https:\/\/inokim.hu\/wp-content\/uploads\/2021\/11\/Inokim-Light-Electric-Scooter-Portable-Foldable-Mini-Electric-Bike-Myway-7.8AH-Battery-Multiple-Colors-1-1-768x431.jpg 768w, https:\/\/inokim.hu\/wp-content\/uploads\/2021\/11\/Inokim-Light-Electric-Scooter-Portable-Foldable-Mini-Electric-Bike-Myway-7.8AH-Battery-Multiple-Colors-1-1-600x337.jpg 600w, https:\/\/inokim.hu\/wp-content\/uploads\/2021\/11\/Inokim-Light-Electric-Scooter-Portable-Foldable-Mini-Electric-Bike-Myway-7.8AH-Battery-Multiple-Colors-1-1.jpg 1500w\" sizes=\"(max-width: 800px) 100vw, 800px\" \/>\t\t\t\t\t\t\t\t\t\t\t\t\t\t\t<\/div>\n\t\t\t\t<\/div>\n\t\t\t\t\t<\/div>\n\t\t<\/div>\n\t\t\t\t<div class=\"elementor-column elementor-col-33 elementor-top-column elementor-element elementor-element-fe23b63\" data-id=\"fe23b63\" data-element_type=\"column\" data-e-type=\"column\">\n\t\t\t<div class=\"elementor-widget-wrap elementor-element-populated\">\n\t\t\t\t\t\t<div class=\"elementor-element elementor-element-ad27108 elementor-widget elementor-widget-heading\" data-id=\"ad27108\" data-element_type=\"widget\" data-e-type=\"widget\" data-widget_type=\"heading.default\">\n\t\t\t\t<div class=\"elementor-widget-container\">\n\t\t\t\t\t<h3 class=\"elementor-heading-title elementor-size-default\">Performance and safety<\/h3>\t\t\t\t<\/div>\n\t\t\t\t<\/div>\n\t\t\t\t<div class=\"elementor-element elementor-element-c905a73 elementor-widget elementor-widget-text-editor\" data-id=\"c905a73\" data-element_type=\"widget\" data-e-type=\"widget\" data-widget_type=\"text-editor.default\">\n\t\t\t\t<div class=\"elementor-widget-container\">\n\t\t\t\t\t\t\t\t\t<p>Az INOKIM rollerek teljes\u00edtm\u00e9nye egyed\u00fcl\u00e1ll\u00f3 biztons\u00e1gi \u00e9rzetet \u00e9s utaz\u00e1si \u00e9lm\u00e9nyt ny\u00fajt k\u00fcl\u00f6nb\u00f6z\u0151 terepviszonyok k\u00f6z\u00f6tt is!&nbsp;<\/p>\n<p>Nek\u00fcnk a Te biztons\u00e1god a legfontosabb, legyen sz\u00f3 s\u00edk terepr\u0151l, vagy emelked\u0151kr\u0151l.<\/p>\n\t\t\t\t\t\t\t\t<\/div>\n\t\t\t\t<\/div>\n\t\t\t\t\t<\/div>\n\t\t<\/div>\n\t\t\t\t\t<\/div>\n\t\t<\/section>\n\t\t\t\t<section class=\"elementor-section elementor-top-section elementor-element elementor-element-7055350 elementor-section-content-middle elementor-section-boxed elementor-section-height-default elementor-section-height-default\" data-id=\"7055350\" data-element_type=\"section\" data-e-type=\"section\" data-settings=\"{&quot;background_background&quot;:&quot;classic&quot;}\">\n\t\t\t\t\t\t<div class=\"elementor-container elementor-column-gap-default\">\n\t\t\t\t\t<div class=\"elementor-column elementor-col-33 elementor-top-column elementor-element elementor-element-00aa064\" data-id=\"00aa064\" data-element_type=\"column\" data-e-type=\"column\">\n\t\t\t<div class=\"elementor-widget-wrap elementor-element-populated\">\n\t\t\t\t\t\t<div class=\"elementor-element elementor-element-3130788 elementor-widget elementor-widget-heading\" data-id=\"3130788\" data-element_type=\"widget\" data-e-type=\"widget\" data-widget_type=\"heading.default\">\n\t\t\t\t<div class=\"elementor-widget-container\">\n\t\t\t\t\t<h3 class=\"elementor-heading-title elementor-size-default\">Design<\/h3>\t\t\t\t<\/div>\n\t\t\t\t<\/div>\n\t\t\t\t<div class=\"elementor-element elementor-element-7a47aa9 elementor-widget elementor-widget-text-editor\" data-id=\"7a47aa9\" data-element_type=\"widget\" data-e-type=\"widget\" data-widget_type=\"text-editor.default\">\n\t\t\t\t<div class=\"elementor-widget-container\">\n\t\t\t\t\t\t\t\t\t<p>A minden napok r\u00e9sze az elektromos roller. Legyen sz\u00e9p \u00e9s k\u00fcl\u00f6nleges. A legt\u00f6bb INOKIM elektromos roller sz\u00e1mos design \u00e9s formatervez\u0151i d\u00edjat nyert el.<\/p>\n\t\t\t\t\t\t\t\t<\/div>\n\t\t\t\t<\/div>\n\t\t\t\t\t<\/div>\n\t\t<\/div>\n\t\t\t\t<div class=\"elementor-column elementor-col-66 elementor-top-column elementor-element elementor-element-8276119\" data-id=\"8276119\" data-element_type=\"column\" data-e-type=\"column\">\n\t\t\t<div class=\"elementor-widget-wrap elementor-element-populated\">\n\t\t\t\t\t\t<div class=\"elementor-element elementor-element-9f00a0c elementor-widget elementor-widget-image\" data-id=\"9f00a0c\" data-element_type=\"widget\" data-e-type=\"widget\" data-widget_type=\"image.default\">\n\t\t\t\t<div class=\"elementor-widget-container\">\n\t\t\t\t\t\t\t\t\t\t\t\t\t\t\t<img decoding=\"async\" width=\"800\" height=\"534\" src=\"https:\/\/inokim.hu\/wp-content\/uploads\/2021\/11\/IMG_4558-1024x683.jpg\" class=\"attachment-large size-large wp-image-1007\" alt=\"\" srcset=\"https:\/\/inokim.hu\/wp-content\/uploads\/2021\/11\/IMG_4558-1024x683.jpg 1024w, https:\/\/inokim.hu\/wp-content\/uploads\/2021\/11\/IMG_4558-300x200.jpg 300w, https:\/\/inokim.hu\/wp-content\/uploads\/2021\/11\/IMG_4558-768x512.jpg 768w, https:\/\/inokim.hu\/wp-content\/uploads\/2021\/11\/IMG_4558-1536x1024.jpg 1536w, https:\/\/inokim.hu\/wp-content\/uploads\/2021\/11\/IMG_4558-2048x1365.jpg 2048w, https:\/\/inokim.hu\/wp-content\/uploads\/2021\/11\/IMG_4558-600x400.jpg 600w\" sizes=\"(max-width: 800px) 100vw, 800px\" \/>\t\t\t\t\t\t\t\t\t\t\t\t\t\t\t<\/div>\n\t\t\t\t<\/div>\n\t\t\t\t\t<\/div>\n\t\t<\/div>\n\t\t\t\t\t<\/div>\n\t\t<\/section>\n\t\t\t\t<section class=\"elementor-section elementor-top-section elementor-element elementor-element-2fbc32 elementor-section-boxed elementor-section-height-default elementor-section-height-default\" data-id=\"2fbc32\" data-element_type=\"section\" data-e-type=\"section\">\n\t\t\t\t\t\t<div class=\"elementor-container elementor-column-gap-default\">\n\t\t\t\t\t<div class=\"elementor-column elementor-col-100 elementor-top-column elementor-element elementor-element-5d7b8466\" data-id=\"5d7b8466\" data-element_type=\"column\" data-e-type=\"column\">\n\t\t\t<div class=\"elementor-widget-wrap elementor-element-populated\">\n\t\t\t\t\t\t<div class=\"elementor-element elementor-element-49ad6d72 elementor-widget elementor-widget-text-editor\" data-id=\"49ad6d72\" data-element_type=\"widget\" data-e-type=\"widget\" data-widget_type=\"text-editor.default\">\n\t\t\t\t<div class=\"elementor-widget-container\">\n\t\t\t\t\t\t\t\t\t<\/p>\n<h3 class=\"has-text-align-left\">The story of INOKIM<\/h3>\n<\/p>\n<p>Az INOKIM elektromos rollerek tervez\u00e9se sor\u00e1n Nimrod Sapir Egy k\u00f6nnyen sz\u00e1ll\u00edthat\u00f3, \u00f6sszecsukhat\u00f3, k\u00f6rnyezetbar\u00e1t k\u00f6zleked\u00e9si eszk\u00f6zt alkotott, ami t\u00f6k\u00e9letes a v\u00e1rosban k\u00f6zleked\u0151k sz\u00e1m\u00e1ra.<\/p>\n<\/p>\n<p>Az INOKIM elektromos rollerek t\u00f6bb\u00e9ves fejleszt\u00e9se sor\u00e1n siker\u00fclt egy megb\u00edzhat\u00f3, k\u00f6nnyen kezelhet\u0151 k\u00f6zleked\u00e9si eszk\u00f6zt alkotni. Term\u00e9kk\u00edn\u00e1latunkban mindenki megtal\u00e1lja az egy\u00e9nis\u00e9g\u00e9hez, ig\u00e9nyeinek megfelel\u0151 rollert.<\/p><\/p>\n\t\t\t\t\t\t\t\t<\/div>\n\t\t\t\t<\/div>\n\t\t\t\t<div class=\"elementor-element elementor-element-7fdab8a elementor-widget elementor-widget-video\" data-id=\"7fdab8a\" data-element_type=\"widget\" data-e-type=\"widget\" data-settings=\"{&quot;video_type&quot;:&quot;hosted&quot;,&quot;autoplay&quot;:&quot;yes&quot;,&quot;play_on_mobile&quot;:&quot;yes&quot;,&quot;mute&quot;:&quot;yes&quot;,&quot;controls&quot;:&quot;yes&quot;}\" data-widget_type=\"video.default\">\n\t\t\t\t<div class=\"elementor-widget-container\">\n\t\t\t\t\t\t\t<div class=\"e-hosted-video elementor-wrapper elementor-open-inline\">\n\t\t\t\t\t<video class=\"elementor-video\" src=\"https:\/\/inokim.hu\/wp-content\/uploads\/2021\/11\/inokim-mainpage-video.mp4\" autoplay=\"\" controls=\"\" muted=\"muted\" playsinline=\"\" controlsList=\"nodownload\"><\/video>\n\t\t\t\t<\/div>\n\t\t\t\t\t\t<\/div>\n\t\t\t\t<\/div>\n\t\t\t\t\t<\/div>\n\t\t<\/div>\n\t\t\t\t\t<\/div>\n\t\t<\/section>\n\t\t\t\t<section class=\"elementor-section elementor-top-section elementor-element elementor-element-cfd296b elementor-section-boxed elementor-section-height-default elementor-section-height-default\" data-id=\"cfd296b\" data-element_type=\"section\" data-e-type=\"section\">\n\t\t\t\t\t\t<div class=\"elementor-container elementor-column-gap-default\">\n\t\t\t\t\t<div class=\"elementor-column elementor-col-100 elementor-top-column elementor-element elementor-element-77c685d\" data-id=\"77c685d\" data-element_type=\"column\" data-e-type=\"column\">\n\t\t\t<div class=\"elementor-widget-wrap elementor-element-populated\">\n\t\t\t\t\t\t<div class=\"elementor-element elementor-element-31da391 elementor-widget elementor-widget-html\" data-id=\"31da391\" data-element_type=\"widget\" data-e-type=\"widget\" data-widget_type=\"html.default\">\n\t\t\t\t<div class=\"elementor-widget-container\">\n\t\t\t\t\t<iframe width=\"100%\" height=\"600\" src=\"https:\/\/my.matterport.com\/show\/?m=7gZAAcHRyMZ\" frameborder=\"0\" allowfullscreen=\"\" allow=\"vr\"><\/iframe>\t\t\t\t<\/div>\n\t\t\t\t<\/div>\n\t\t\t\t\t<\/div>\n\t\t<\/div>\n\t\t\t\t\t<\/div>\n\t\t<\/section>\n\t\t\t\t<\/div>\n\t\t","protected":false},"excerpt":{"rendered":"<p>3 REASONS why to choose INOKIM INOKIM is a premium eScooter brand with award winning designs and it values safety and uses high quality parts to ensure a safe and consistent experience when taking your scooter on the road. We provide the leading edge of Light and Foldable Electric Scooters, with a range that caters [&hellip;]<\/p>\n","protected":false},"author":2,"featured_media":0,"parent":0,"menu_order":0,"comment_status":"closed","ping_status":"closed","template":"","meta":{"footnotes":""},"class_list":["post-12208","page","type-page","status-publish","hentry"],"_links":{"self":[{"href":"https:\/\/inokim.hu\/en\/wp-json\/wp\/v2\/pages\/12208","targetHints":{"allow":["GET"]}}],"collection":[{"href":"https:\/\/inokim.hu\/en\/wp-json\/wp\/v2\/pages"}],"about":[{"href":"https:\/\/inokim.hu\/en\/wp-json\/wp\/v2\/types\/page"}],"author":[{"embeddable":true,"href":"https:\/\/inokim.hu\/en\/wp-json\/wp\/v2\/users\/2"}],"replies":[{"embeddable":true,"href":"https:\/\/inokim.hu\/en\/wp-json\/wp\/v2\/comments?post=12208"}],"version-history":[{"count":0,"href":"https:\/\/inokim.hu\/en\/wp-json\/wp\/v2\/pages\/12208\/revisions"}],"wp:attachment":[{"href":"https:\/\/inokim.hu\/en\/wp-json\/wp\/v2\/media?parent=12208"}],"curies":[{"name":"wp","href":"https:\/\/api.w.org\/{rel}","templated":true}]}}