{"id":11479,"date":"2021-11-30T08:45:29","date_gmt":"2021-11-30T07:45:29","guid":{"rendered":"https:\/\/dev.martontoth.net\/inokim\/?post_type=product&#038;p=11479"},"modified":"2025-06-24T19:14:18","modified_gmt":"2025-06-24T18:14:18","slug":"inokim-kormanytaska","status":"publish","type":"product","link":"https:\/\/inokim.hu\/en\/shop\/accessories\/inokim-kormanytaska\/","title":{"rendered":"INOKIM korm\u00e1nyt\u00e1ska"},"content":{"rendered":"","protected":false},"excerpt":{"rendered":"<p>T\u00f6k\u00e9letes kieg\u00e9sz\u00edt\u0151 a INOKIM rolleredhez, hiszen\u00a0ebbe a korm\u00e1nyt\u00e1sk\u00e1ba elhelyezheted ak\u00e1r a telefont, kulcsot, t\u00f6lt\u0151t \u00e9s kisebb\u00a0t\u00e1rgyakat \u00e9s nem a zsebedben\u00a0kell tartani ezeket a t\u00e1rgyakat. Minden INOKIM roller korm\u00e1ny\u00e1ra felcsatolhat\u00f3.<\/p>\n","protected":false},"featured_media":11586,"comment_status":"closed","ping_status":"closed","template":"","meta":[],"product_brand":[],"product_cat":[42],"product_tag":[],"class_list":{"0":"post-11479","1":"product","2":"type-product","3":"status-publish","4":"has-post-thumbnail","6":"product_cat-kiegeszitok","8":"first","9":"instock","10":"taxable","11":"shipping-taxable","12":"purchasable","13":"product-type-variable"},"_links":{"self":[{"href":"https:\/\/inokim.hu\/en\/wp-json\/wp\/v2\/product\/11479","targetHints":{"allow":["GET"]}}],"collection":[{"href":"https:\/\/inokim.hu\/en\/wp-json\/wp\/v2\/product"}],"about":[{"href":"https:\/\/inokim.hu\/en\/wp-json\/wp\/v2\/types\/product"}],"replies":[{"embeddable":true,"href":"https:\/\/inokim.hu\/en\/wp-json\/wp\/v2\/comments?post=11479"}],"version-history":[{"count":1,"href":"https:\/\/inokim.hu\/en\/wp-json\/wp\/v2\/product\/11479\/revisions"}],"predecessor-version":[{"id":19185,"href":"https:\/\/inokim.hu\/en\/wp-json\/wp\/v2\/product\/11479\/revisions\/19185"}],"wp:featuredmedia":[{"embeddable":true,"href":"https:\/\/inokim.hu\/en\/wp-json\/wp\/v2\/media\/11586"}],"wp:attachment":[{"href":"https:\/\/inokim.hu\/en\/wp-json\/wp\/v2\/media?parent=11479"}],"wp:term":[{"taxonomy":"product_brand","embeddable":true,"href":"https:\/\/inokim.hu\/en\/wp-json\/wp\/v2\/product_brand?post=11479"},{"taxonomy":"product_cat","embeddable":true,"href":"https:\/\/inokim.hu\/en\/wp-json\/wp\/v2\/product_cat?post=11479"},{"taxonomy":"product_tag","embeddable":true,"href":"https:\/\/inokim.hu\/en\/wp-json\/wp\/v2\/product_tag?post=11479"}],"curies":[{"name":"wp","href":"https:\/\/api.w.org\/{rel}","templated":true}]}}