{"id":15832,"date":"2021-11-30T08:45:30","date_gmt":"2021-12-15T14:48:07","guid":{"rendered":"https:\/\/inokim.hu\/shop\/ozoe\/"},"modified":"2023-12-23T00:06:00","modified_gmt":"2023-12-22T22:06:00","slug":"ozoe-2","status":"publish","type":"product","link":"https:\/\/inokim.hu\/en\/shop\/electric-bikes\/ozoe-2\/","title":{"rendered":"OZOe"},"content":{"rendered":"<div id=\"pl-11162\" class=\"panel-layout\">\n<div id=\"pg-11162-0\" class=\"panel-grid panel-no-style\">\n<div id=\"pgc-11162-0-0\" class=\"panel-grid-cell\" data-weight=\"1\">\n<div id=\"panel-11162-0-0-0\" class=\"so-panel widget widget_sow-editor panel-first-child panel-last-child\" data-index=\"0\" data-style=\"{&quot;background_image_attachment&quot;:false,&quot;background_display&quot;:&quot;tile&quot;,&quot;iw-visible-screen&quot;:&quot;iw-all&quot;,&quot;iw-visible-layout&quot;:&quot;iw-all&quot;}\">\n<div class=\"so-widget-sow-editor so-widget-sow-editor-base\">\n<div class=\"siteorigin-widget-tinymce textwidget\">B\u00fcszk\u00e9n mutatjuk be az INOKIM csal\u00e1d leg\u00fajabb tagj\u00e1t, az OZOe elektromos ker\u00e9kp\u00e1rt.<\/p>\n<p>Ez a design d\u00edj nyertes E-Bike minden tekintetben k\u00f6nnyebb\u00e9 var\u00e1zsolja az \u00e9let\u00e9t, legyen sz\u00f3 h\u00e9tk\u00f6znapi ing\u00e1z\u00e1sr\u00f3l, vagy h\u00e9tv\u00e9gi kir\u00e1ndul\u00e1sr\u00f3l.<br \/>\nKivehet\u0151 akkumul\u00e1tora gondoskodik r\u00f3la, hogy mindig legyen el\u00e9g energia, de ak\u00e1r egy p\u00f3takkumul\u00e1tort is vihetsz magaddal.<\/p>\n<div id=\"pl-11153\" class=\"panel-layout\">\n<div id=\"pg-11153-0\" class=\"panel-grid panel-no-style\">\n<div id=\"pgc-11153-0-0\" class=\"panel-grid-cell\" data-weight=\"1\">\n<div id=\"panel-11153-0-0-0\" class=\"so-panel widget widget_sow-editor panel-first-child panel-last-child\" data-index=\"0\" data-style=\"{&quot;background_image_attachment&quot;:false,&quot;background_display&quot;:&quot;tile&quot;,&quot;iw-visible-screen&quot;:&quot;iw-all&quot;,&quot;iw-visible-layout&quot;:&quot;iw-all&quot;}\">\n<div class=\"so-widget-sow-editor so-widget-sow-editor-base\">\n<div class=\"siteorigin-widget-tinymce textwidget\">M\u00e1rkaboltunkban \u00e1lland\u00f3 k\u00e9szlettel \u00e9s m\u00e1rkaszerv\u00edz\u00fcnkben teljes alkatr\u00e9sz k\u00edn\u00e1lattal v\u00e1llaljuk az \u00e1ltalunk forgalmazott rollerek folyamatos karbantart\u00e1s\u00e1t.<\/p>\n<\/div>\n<\/div>\n<\/div>\n<\/div>\n<\/div>\n<\/div>\n<p>Term\u00e9keinket rakt\u00e1rk\u00e9szletr\u0151l \u00e9rt\u00e9kes\u00edtj\u00fck, azonnal megv\u00e1s\u00e1rolhatod online vagy szem\u00e9lyesen \u00fczlet\u00fcnkben: V. Budapest, Aulich utca 5.<\/p>\n<p>Online rendel\u00e9s eset\u00e9n, amint a term\u00e9k kifizet\u00e9sre ker\u00fclt, 1-2 napon bel\u00fcl, DPD fut\u00e1rral juttatjuk el hozz\u00e1d.<\/p>\n<p>Magyarorsz\u00e1g ter\u00fclet\u00e9n INGYENESEN sz\u00e1ll\u00edtjuk ki a rollereket!<\/p>\n<\/div>\n<\/div>\n<\/div>\n<\/div>\n<\/div>\n<\/div>\n<style type=\"text\/css\" class=\"panels-style\" data-panels-style-for-post=\"11162\">@import url(https:\/\/inokim.hu\/wp-content\/plugins\/siteorigin-panels\/css\/front-flex.min.css); #pgc-11162-0-0 { width:100%;width:calc(100% - ( 0 * 30px ) ) } #pl-11162 .so-panel { margin-bottom:30px } #pl-11162 .so-panel:last-child { margin-bottom:0px } @media (max-width:1024px){ #pg-11162-0.panel-no-style, #pg-11162-0.panel-has-style > .panel-row-style { -webkit-flex-direction:column;-ms-flex-direction:column;flex-direction:column } #pg-11162-0 > .panel-grid-cell , #pg-11162-0 > .panel-row-style > .panel-grid-cell { width:100%;margin-right:0 } #pg-11162-0 { margin-bottom:px } #pl-11162 .panel-grid-cell { padding:0 } #pl-11162 .panel-grid .panel-grid-cell-empty { display:none } #pl-11162 .panel-grid .panel-grid-cell-mobile-last { margin-bottom:0px }  } <\/style>\n","protected":false},"excerpt":{"rendered":"<p>B\u00fcszk\u00e9n mutatjuk be az INOKIM csal\u00e1d leg\u00fajabb tagj\u00e1t, az OZOe elektromos ker\u00e9kp\u00e1rt. Ez a design d\u00edj nyertes E-Bike minden tekintetben k\u00f6nnyebb\u00e9 var\u00e1zsolja az \u00e9let\u00e9t, legyen sz\u00f3 h\u00e9tk\u00f6znapi ing\u00e1z\u00e1sr\u00f3l, vagy h\u00e9tv\u00e9gi kir\u00e1ndul\u00e1sr\u00f3l. Kivehet\u0151 akkumul\u00e1tora gondoskodik r\u00f3la, hogy mindig legyen el\u00e9g energia, de ak\u00e1r egy p\u00f3takkumul\u00e1tort is vihetsz magaddal. M\u00e1rkaboltunkban \u00e1lland\u00f3 k\u00e9szlettel \u00e9s m\u00e1rkaszerv\u00edz\u00fcnkben teljes alkatr\u00e9sz k\u00edn\u00e1lattal [&hellip;]<\/p>\n","protected":false},"featured_media":11674,"comment_status":"closed","ping_status":"closed","template":"","meta":[],"product_brand":[],"product_cat":[60],"product_tag":[],"class_list":{"0":"post-15832","1":"product","2":"type-product","3":"status-publish","4":"has-post-thumbnail","6":"product_cat-electric-bikes","8":"first","9":"outofstock","10":"taxable","11":"shipping-taxable","12":"purchasable","13":"product-type-simple"},"_links":{"self":[{"href":"https:\/\/inokim.hu\/en\/wp-json\/wp\/v2\/product\/15832","targetHints":{"allow":["GET"]}}],"collection":[{"href":"https:\/\/inokim.hu\/en\/wp-json\/wp\/v2\/product"}],"about":[{"href":"https:\/\/inokim.hu\/en\/wp-json\/wp\/v2\/types\/product"}],"replies":[{"embeddable":true,"href":"https:\/\/inokim.hu\/en\/wp-json\/wp\/v2\/comments?post=15832"}],"version-history":[{"count":0,"href":"https:\/\/inokim.hu\/en\/wp-json\/wp\/v2\/product\/15832\/revisions"}],"wp:featuredmedia":[{"embeddable":true,"href":"https:\/\/inokim.hu\/en\/wp-json\/wp\/v2\/media\/11674"}],"wp:attachment":[{"href":"https:\/\/inokim.hu\/en\/wp-json\/wp\/v2\/media?parent=15832"}],"wp:term":[{"taxonomy":"product_brand","embeddable":true,"href":"https:\/\/inokim.hu\/en\/wp-json\/wp\/v2\/product_brand?post=15832"},{"taxonomy":"product_cat","embeddable":true,"href":"https:\/\/inokim.hu\/en\/wp-json\/wp\/v2\/product_cat?post=15832"},{"taxonomy":"product_tag","embeddable":true,"href":"https:\/\/inokim.hu\/en\/wp-json\/wp\/v2\/product_tag?post=15832"}],"curies":[{"name":"wp","href":"https:\/\/api.w.org\/{rel}","templated":true}]}}